{"id":3413,"date":"2013-02-26T20:53:58","date_gmt":"2013-02-26T19:53:58","guid":{"rendered":"https:\/\/ericdesneux.fr\/?page_id=3413"},"modified":"2024-08-16T09:03:33","modified_gmt":"2024-08-16T08:03:33","slug":"bio","status":"publish","type":"page","link":"https:\/\/ericdesneux.fr\/?page_id=3413","title":{"rendered":"BIO"},"content":{"rendered":"\n<p class=\"has-text-align-center\">.<\/p>\n\n\n\n<p class=\"has-text-align-center\">Po\u00e8te<br>Filmeur Dessinateur<br>Musicien \u00e0 mes heures<br>Je filme la vie \u00e0 bras-le-corps<br>J\u2019arpente les mots \u00e0 corps-et-cris<br>Je traque les sens Je&nbsp;chasse les sons <br>J&#8217;enjambe les digues J&#8217;embrasse les flots<br>Je file le flou Je fais flow-bonds<br>J&#8217;image des signes <br>Je livre des chants<br>Je dessine ail\u00e9s<br>des sentes<br>\u00e0 Lyre<br><br><strong><strong>\u222b<\/strong><\/strong><\/p>\n\n\n\n<p class=\"has-text-align-center\">Naissance en 1969<br>Vie entre France et Am\u00e9riques<br>Itin\u00e9raire spirituel entre Orient et Occident<br>Parcours dans l&#8217;Audiovisuel (r\u00e9alisation, post-production, graphisme)<br>et la Cr\u00e9ation (\u00e9criture, arts plastiques, films, vid\u00e9os, installations)<br>Lutte pour la libert\u00e9 de conscience et d&#8217;expression<br>Install\u00e9 en France p\u00e9riph\u00e9rique.<\/p>\n\n\n\n<div class=\"wp-block-columns is-layout-flex wp-container-core-columns-is-layout-9d6595d7 wp-block-columns-is-layout-flex\">\n<div class=\"wp-block-column is-layout-flow wp-block-column-is-layout-flow\"><\/div>\n\n\n\n<div class=\"wp-block-column is-layout-flow wp-block-column-is-layout-flow\"><\/div>\n<\/div>\n\n\n\n<div class=\"wp-block-columns is-layout-flex wp-container-core-columns-is-layout-9d6595d7 wp-block-columns-is-layout-flex\">\n<div class=\"wp-block-column is-layout-flow wp-block-column-is-layout-flow\"><\/div>\n\n\n\n<div class=\"wp-block-column is-layout-flow wp-block-column-is-layout-flow\"><\/div>\n<\/div>\n","protected":false},"excerpt":{"rendered":"<p>. Po\u00e8teFilmeur DessinateurMusicien \u00e0 mes heuresJe filme la vie \u00e0 bras-le-corpsJ\u2019arpente les mots \u00e0 corps-et-crisJe traque les sens Je&nbsp;chasse les sons J&#8217;enjambe les<\/p>\n","protected":false},"author":1,"featured_media":0,"parent":0,"menu_order":0,"comment_status":"closed","ping_status":"closed","template":"","meta":{"footnotes":""},"class_list":["post-3413","page","type-page","status-publish","hentry","two-columns"],"_links":{"self":[{"href":"https:\/\/ericdesneux.fr\/index.php?rest_route=\/wp\/v2\/pages\/3413","targetHints":{"allow":["GET"]}}],"collection":[{"href":"https:\/\/ericdesneux.fr\/index.php?rest_route=\/wp\/v2\/pages"}],"about":[{"href":"https:\/\/ericdesneux.fr\/index.php?rest_route=\/wp\/v2\/types\/page"}],"author":[{"embeddable":true,"href":"https:\/\/ericdesneux.fr\/index.php?rest_route=\/wp\/v2\/users\/1"}],"replies":[{"embeddable":true,"href":"https:\/\/ericdesneux.fr\/index.php?rest_route=%2Fwp%2Fv2%2Fcomments&post=3413"}],"version-history":[{"count":1953,"href":"https:\/\/ericdesneux.fr\/index.php?rest_route=\/wp\/v2\/pages\/3413\/revisions"}],"predecessor-version":[{"id":17480,"href":"https:\/\/ericdesneux.fr\/index.php?rest_route=\/wp\/v2\/pages\/3413\/revisions\/17480"}],"wp:attachment":[{"href":"https:\/\/ericdesneux.fr\/index.php?rest_route=%2Fwp%2Fv2%2Fmedia&parent=3413"}],"curies":[{"name":"wp","href":"https:\/\/api.w.org\/{rel}","templated":true}]}}