{"id":2912,"date":"2012-01-02T09:57:30","date_gmt":"2012-01-02T08:57:30","guid":{"rendered":"https:\/\/ericdesneux.fr\/?page_id=2912"},"modified":"2024-08-21T19:41:57","modified_gmt":"2024-08-21T18:41:57","slug":"films","status":"publish","type":"page","link":"https:\/\/ericdesneux.fr\/?page_id=2912","title":{"rendered":"FILMOGRAPHIE"},"content":{"rendered":"<h4>Films disponibles sur <a href=\"https:\/\/www.youtube.com\/@aeriktv\">\u00c6RIK TV \u2580\u2584<\/a><\/h4>\n<h2><a href=\"https:\/\/ericdesneux.fr\/?page_id=15319\" target=\"_blank\" rel=\"noopener\">LA PENSEE EN OTAGE<\/a><\/h2>\n<p><em>Animation. R\u00e9alisation Eric Desneux sous pseudo &#8220;Herr IK D\u00e9&#8221; (2022)<\/em><br \/>\nR\u00e9alisation libre d&#8217;un Teaser (5&#8243;), d&#8217;une bande-annonce (1&#8242;) et de deux \u00e9pisodes (2&#215;2&#8242;) anim\u00e9s reprenant ludiquement en mode t\u00e9l\u00e9graphique, l&#8217;essentiel de <em>La Pens\u00e9e en otage<\/em> (Ed. Les Liens qui Lib\u00e8rent), ouvrage de Aude Lancelin sur la main mise des m\u00e9dias mainstream par le Grand Capital.<\/p>\n<h4><span style=\"color: #800000;\"><em><strong>REALISATIONS PIRATES PARODIQUES<\/strong><\/em><\/span><\/h4>\n<h4><span style=\"color: #800000;\">JAKOU MICHOU L&#8217;INTERVIEW<\/span><\/h4>\n<p><span style=\"color: #800000;\"><em>Th\u00e9\u00e2tre film\u00e9 (2h). R\u00e9alisation Eric Desneux. Sc\u00e9nario Madal (2020).\u00a0<\/em><\/span><br \/>\n<span style=\"color: #800000;\">Parodie de l&#8217;interview de Michel Potay par Jacques Chancel sous la forme d&#8217;une pi\u00e8ce de th\u00e9\u00e2tre, avec Eric D. dans le r\u00f4le de M. Potay et Madal dans celui de J. Chancel.<\/span><\/p>\n<h4><span style=\"color: #800000;\">POTINBLOGS 1, 2 et 3<\/span><\/h4>\n<p><span style=\"color: #800000;\"><em>R\u00e9alisation Eric Desneux. Sc\u00e9nario Madal (2020).\u00a0<\/em><\/span><br \/>\n<span style=\"color: #800000;\">Parodie d&#8217;articles du blog de Michel Potay<\/span><\/p>\n<h4><span style=\"color: #800000;\">AUTOPSIE D&#8217;UN PROPH\u00c8TE DE SON VIVANT<\/span><\/h4>\n<p><span style=\"color: #800000;\"><em>R\u00e9alisation Eric Desneux. Sc\u00e9nario Madal (2020).\u00a0<\/em><\/span><br \/>\n<span style=\"color: #800000;\">Analyse au scalpel du mouvement des P\u00e8lerins d&#8217;Ar\u00e8s et de son fondateur Michel Potay, par Madal, sous la forme d&#8217;un &#8220;Droit de r\u00e9ponse&#8221; face cam\u00e9ra apr\u00e8s son \u00e9viction du mouvement.<\/span><strong><br \/>\n<\/strong><\/p>\n<h2>LA BRAISE DE Y\u00cbCHOU <a href=\"https:\/\/www.youtube.com\/@aeriktv\">\u2580\u2584<\/a><\/h2>\n<p><em>Slam (11&#8242;). R\u00e9alisation Eric Desneux. Sc\u00e9nario Madal (2020)<\/em><br \/>\nUne lecture de passages choisis de &#8220;L&#8217;Evangile donn\u00e9 \u00e0 Ar\u00e8s&#8221; qui souffle sur les braises du changement du monde dans une veine sociale.<\/p>\n<h2>LES AVENTURES DE MADAL &amp; KEUDAL <a href=\"https:\/\/www.youtube.com\/@aeriktv\">\u2580\u2584<\/a><\/h2>\n<p><em>Trilogie anim\u00e9e. R\u00e9alisation Eric Desneux et Madal (2019)<\/em><br \/>\nVir\u00e9e rocambolesque dans les marges, du fin fond du M\u00e9doc \u00e0 la place d&#8217;Exarchia \u00e0 Ath\u00e8nes en Gr\u00e8ce, en passant par les trottoirs de la Capitale et de Babel-Oued, avec cette <em>&#8220;folie pour les hommes qui est sagesse pour Dieu&#8221;<\/em> et l\u2019humour comme arme pour &#8220;d\u00e9sembourgeoiser&#8221; le monde et l&#8217;appeler \u00e0 changer.<\/p>\n<p><em>\u00ab Pourvu qu\u2019on s\u2019marre \u00bb<\/em> \u00e9tait la devise de ce tandem loufoque de &#8220;Rock\u2019n\u2019rollers de la Parole d&#8217;Ar\u00e8s&#8221; qui signa en six mois trois \u00e9pisodes de ses aventures rocambolesques : <strong>&#8220;M&amp;K au pays des croyances&#8221;<\/strong> (4&#8217;42), <strong>&#8220;M&amp;K de pas-sage \u00e0 Babel Oued&#8221;<\/strong> (5&#8242;) et <strong>&#8220;M&amp;K sont all\u00e9s se faire voir chez les Grecs&#8221;<\/strong> (15&#8242;).<\/p>\n<p>Une version remani\u00e9e du premier \u00e9pisode <strong>&#8220;M&amp;K au pays des croyances&#8221;<\/strong> (4&#8217;17), et une version in\u00e9dite r\u00e9alis\u00e9e \u00e0 partir d&#8217;un mix des deux derniers \u00e9pisodes de la trilogie intitul\u00e9 <strong>&#8220;M&amp;K de passage \u00c0 BABEL OUED CHEZ LES GRECS&#8221; <\/strong>(17&#8242;) ont \u00e9t\u00e9 r\u00e9alis\u00e9es en 2024 <strong>(r\u00e9alisation Eric Desneux)<\/strong> apr\u00e8s explosion du tandem. Ce sont ces versions, d\u00e9lest\u00e9es des s\u00e9quences imagin\u00e9es par Madal, qui figurent sur la chaine youtube \u00c6RIK TV.<\/p>\n<h2>AILLEURS <a href=\"https:\/\/www.youtube.com\/@aeriktv\">\u2580\u2584<\/a><\/h2>\n<p><em>Clip (9&#8242;). R\u00e9alisation Eric Desneux et Madal (2019)<br \/>\n<span style=\"color: #888888;\">Cr\u00e9ation \u00e0 l&#8217;occasion des 90 ans de Michel Potay, t\u00e9moin et propagateur de la R\u00e9v\u00e9lation d&#8217;Ar\u00e8s<\/span><\/em><br \/>\nImmersion dans le monde sous-marin de l&#8217;aquarium de la Rochelle sur des airs de Fr\u00e9d\u00e9ric Chopin et d&#8217;Erik Satie, pour \u00e9voquer cette <em>&#8220;folie qui est sagesse pour Dieu&#8221;<\/em> et <em>&#8220;l&#8217;Amour, cette force dont les pouvoirs se m\u00e9fient toujours&#8221;<\/em>.<\/p>\n<h2>LA GUERRE DES PAUVRES <a href=\"https:\/\/www.youtube.com\/@aeriktv\">\u2580\u2584<\/a><\/h2>\n<p><em>Reportage (5&#8242;). R\u00e9alisation Eric Desneux (2019). Avec Madal<\/em><br \/>\nPlong\u00e9e dans les Gilets Jaunes de Bordeaux<em> &#8220;en mission pour le Seigneur&#8221;<\/em> avec Madal en mode Blues Brothers, avec le projet d&#8217;\u00e9clatement de la France et des grandes masses politis\u00e9es en conf\u00e9d\u00e9ration de petites unit\u00e9s r\u00e9gionales \u00e0 taille humaine brandi sur des pancartes, et un coq sur les \u00e9paules.<\/p>\n<h2>MADAL <a href=\"https:\/\/www.youtube.com\/@aeriktv\">\u2580\u2584<\/a><\/h2>\n<p><em>Documentaire exp\u00e9rimental (52&#8242;). R\u00e9alisation Eric Desneux (2017). Avec Madal<\/em><br \/>\n<em><strong>&#8220;Que serait devenu Diog\u00e8ne s&#8217;il avait crois\u00e9 J\u00e9sus et suivi son enseignement ?&#8221;<\/strong> <\/em>J&#8217;ai rencontr\u00e9 cet homme. Il s&#8217;appelle Madal et il a crois\u00e9 le proph\u00e8te de notre temps, Michel Potay dit Mikal.<\/p>\n<h2>HI-8 STORIES<\/h2>\n<p><em>Vid\u00e9o-art (20&#8242;). R\u00e9alisation Eric Desneux (2011).<br \/>\n<\/em>Long po\u00e8me visuel r\u00e9alis\u00e9 \u00e0 partir de rushes Hi8. Une plong\u00e9e dans l&#8217;intime pour \u00e9voquer les failles et les fragilit\u00e9s de l&#8217;existence.<\/p>\n<h2><a href=\"https:\/\/ericdesneux.fr\/?page_id=863\">UN MINARET DANS LA VILLE ? <\/a><a href=\"https:\/\/www.youtube.com\/@aeriktv\">\u2580\u2584<\/a><\/h2>\n<p><em>Documentaire (52&#8242;). Production et r\u00e9alisation Eric Desneux (2010).<\/em><br \/>\nEnqu\u00eate au long cours sur la construction d&#8217;une mosqu\u00e9e \u00e0 Montreuil sous-bois en Seine Saint-Denis (93) depuis la pose de la premi\u00e8re pierre et l&#8217;obtention d&#8217;un bail emphyt\u00e9otique, jusqu&#8217;\u00e0 la pri\u00e8re d&#8217;inauguration finale des lieux achev\u00e9s. En contrepoint, la construction d&#8217;une mosqu\u00e9e dans la ville voisine de Bagnolet et le sort d&#8217;une mosqu\u00e9e ind\u00e9pendante, qualifi\u00e9 de &#8220;dissidente&#8221; par le maire de la ville.<\/p>\n<h2><a href=\"https:\/\/ericdesneux.fr\/?page_id=993\">LA NATION DU MILIEU <\/a><a href=\"https:\/\/www.youtube.com\/@aeriktv\">\u2580\u2584<\/a><\/h2>\n<p><em>Documentaire (52&#8242;). Production et r\u00e9alisation Eric Desneux (2009).<\/em><br \/>\nRegards crois\u00e9s entre chr\u00e9tiens et musulmans sur l&#8217;islam d&#8217;aujourd&#8217;hui en France en plein d\u00e9bat sur la la\u00a3icit\u00e9 et l&#8217;expression de la foi dans l&#8217;espace public.<\/p>\n<h2><a href=\"https:\/\/ericdesneux.fr\/?page_id=1402\">LE JARDIN QUI NE FANE PAS <\/a><a href=\"https:\/\/www.youtube.com\/@aeriktv\">\u2580\u2584<\/a><\/h2>\n<p><em>Animation exp\u00e9rimentale (9&#8242;). R\u00e9alisation Eric Desneux (2005).<\/em><br \/>\n<em><span style=\"color: #888888;\">Cr\u00e9e \u00e0 la demande de l&#8217;artiste peintre Nicole Propp pour accompagner l&#8217;exposition de ses tableaux<\/span><\/em><br \/>\nUne explosion de couleurs, de mouvements, de lumi\u00e8res et de sons pour \u00e9voquer la recr\u00e9ation du jardin d\u2019Eden, <em>le jardin qui ne fane pas (R\u00e9v. d&#8217;Ar\u00e8s XVI\/17).<\/em><\/p>\n<h2>T&#8217;AS VU MON ARBRE ?\u00a0<a href=\"https:\/\/www.youtube.com\/@aeriktv\">\u2580\u2584<\/a><\/h2>\n<p><em>Croquis documentaire (10&#8242;). R\u00e9alisation Desneux et Laurent Desaleux (2004).<\/em><br \/>\n<em><span style=\"color: #888888;\">R\u00e9alis\u00e9 en stage de formation au cin\u00e9ma documentaire \u00e0 l&#8217;INA sous la direction de Bernard Bloch.<\/span><\/em><br \/>\nL&#8217;adulte grimpe, l&#8217;enfant peint. Dialogue autours de la figure de l&#8217;arbre pour \u00e9voquer le monde de l&#8217;enfance et des souvenirs.<\/p>\n<h2><a href=\"https:\/\/ericdesneux.fr\/?page_id=1399\">DE MEMOIRE <\/a><a href=\"https:\/\/www.youtube.com\/@aeriktv\">\u2580\u2584<\/a><\/h2>\n<p><em>Vid\u00e9o-installation (40&#8242;). Co-R\u00e9alisation DesneuxDesrez (2003).<\/em><br \/>\n<em><span style=\"color: #888888;\">Intervention dans la chapelle de Langroas (Finist\u00e8re sud, France) sur le th\u00e8me \u00ab Ecritures \u00bb, pour le festival \u00ab Art \u00e0 la Pointe \u00bb.<\/span><\/em><br \/>\n<em><strong>&#8220;Pouvez vous nous r\u00e9citer de m\u00e9moire un passage des Ecritures ?&#8221;<\/strong><\/em><br \/>\n<em><span style=\"font-style: normal;\">Les \u00e9changes d&#8217;un homme parti \u00e0 la recherche de<em> \u00ab l&#8217;arbre de la connaissance du bonheur et du malheur \u00bb (G\u00e9n. 2\/9)<\/em> dans des jardins publics \u00e0 Paris.<\/span><\/em><\/p>\n<h2>JUSQU&#8217;\u00c0 L&#8217;AUBE <a href=\"https:\/\/www.youtube.com\/@aeriktv\">\u2580\u2584<\/a><\/h2>\n<p><em>Clip (7&#8242;). R\u00e9alisation Eric Desneux (2001).<\/em><br \/>\nVir\u00e9e sauvage en voiture \u00e0 la pointe du Finist\u00e8re le temps d&#8217;un weekend festif.<\/p>\n<h2><a href=\"https:\/\/ericdesneux.fr\/?page_id=1406\">ENJAMBES <\/a><a href=\"https:\/\/www.youtube.com\/@aeriktv\">\u2580\u2584<\/a><\/h2>\n<p><em>Vid\u00e9o-installation. Clip exp\u00e9rimental (16&#8242;). Co-r\u00e9alisation DesneuxDesrez (2001).<\/em><br \/>\n<em><span style=\"color: #888888;\">Cr\u00e9ation pour les journ\u00e9es Ateliers Portes Ouvertes des APLA (Paris) de mai 2001.<\/span><\/em><br \/>\n<strong><em>&#8220;Nous errons comme deux \u00e2mes en peine dans cette ville survitamin\u00e9e. Qu&#8217;est ce qui vous met en mouvement ?&#8221;<\/em><\/strong> Les exp\u00e9riences d&#8217;\u00e2me d&#8217;un homme qui parcourt la ville \u00e0 la recherche d&#8217;une impulsion salvatrice.<\/p>\n<h2>MISE A MOTS <a href=\"https:\/\/www.youtube.com\/@aeriktv\">\u2580\u2584<\/a><\/h2>\n<p><em>Vid\u00e9o po\u00e8me (5<\/em><em>&#8216;). R\u00e9alisation Eric Desneux (2000).<\/em><br \/>\n<em><span style=\"color: #888888;\">Cr\u00e9ation pour les journ\u00e9es Ateliers Portes Ouvertes des APLA (Paris) de mai 200O.<\/span><\/em><br \/>\nMise en images d&#8217;un recueil de mots po\u00e9tiques sur fond de distorsions sonores.<\/p>\n<h2><a href=\"https:\/\/ericdesneux.fr\/?page_id=1408\" target=\"_self\" rel=\"noopener\">AMNESIE <\/a><a href=\"https:\/\/www.youtube.com\/@aeriktv\">\u2580\u2584<\/a><\/h2>\n<p><em>Vid\u00e9o-installation (35\u2032). Co-r\u00e9alisation DesneuxDesrez (1999).<\/em><br \/>\n<em><span style=\"color: #888888;\">Cr\u00e9ation pour les journ\u00e9es Ateliers Portes Ouvertes des APLA (Paris) de mai 1999.<\/span><\/em><br \/>\n<strong><em>\u201cQue pouvez-vous nous dire pour nous aider \u00e0 retrouver notre identit\u00e9 humaine ? \u201d<\/em><\/strong><br \/>\nDeux hommes frapp\u00e9s d\u2019amn\u00e9sie, tentent de retrouver la m\u00e9moire et le sens de la vie en interrogeant hommes et femmes dans la rue. La vid\u00e9o capt\u00e9e sur les trottoirs de la Capitale est le fruit de leurs rencontres.<\/p>\n<h2>VOYAGE-NAUFRAGE <a href=\"https:\/\/www.youtube.com\/@aeriktv\">\u2580\u2584<\/a><\/h2>\n<p><em>Vid\u00e9o-art (3\u2032). R\u00e9alisation Eric Desneux (1999).<\/em><br \/>\nR\u00e9cit sans paroles d\u2019un naufrage et d\u2019un retour \u00e0 la Vie.<\/p>\n<h2>KAWTHAR <a href=\"https:\/\/www.youtube.com\/@aeriktv\">\u2580\u2584<\/a><\/h2>\n<p><em>Vid\u00e9o-art (5&#8242;). R\u00e9alisation Eric Desneux (1999).<\/em><br \/>\nS\u00e9rie de courtes s\u00e9quences vid\u00e9o muettes retravaill\u00e9es sur ordinateur en surimpressions successives jusqu&#8217;\u00e0 devenir quasiment abstraites, r\u00e9p\u00e9t\u00e9es \u00e0 diff\u00e9rentes vitesses jusqu&#8217;\u00e0 d\u00e9filer lentement image par image.<\/p>\n","protected":false},"excerpt":{"rendered":"<p>Films disponibles sur \u00c6RIK TV \u2580\u2584 LA PENSEE EN OTAGE Animation. R\u00e9alisation Eric Desneux sous pseudo &#8220;Herr IK D\u00e9&#8221; (2022) R\u00e9alisation libre d&#8217;un<\/p>\n","protected":false},"author":1,"featured_media":0,"parent":0,"menu_order":2,"comment_status":"closed","ping_status":"closed","template":"","meta":{"footnotes":""},"class_list":["post-2912","page","type-page","status-publish","hentry","two-columns"],"_links":{"self":[{"href":"https:\/\/ericdesneux.fr\/index.php?rest_route=\/wp\/v2\/pages\/2912","targetHints":{"allow":["GET"]}}],"collection":[{"href":"https:\/\/ericdesneux.fr\/index.php?rest_route=\/wp\/v2\/pages"}],"about":[{"href":"https:\/\/ericdesneux.fr\/index.php?rest_route=\/wp\/v2\/types\/page"}],"author":[{"embeddable":true,"href":"https:\/\/ericdesneux.fr\/index.php?rest_route=\/wp\/v2\/users\/1"}],"replies":[{"embeddable":true,"href":"https:\/\/ericdesneux.fr\/index.php?rest_route=%2Fwp%2Fv2%2Fcomments&post=2912"}],"version-history":[{"count":133,"href":"https:\/\/ericdesneux.fr\/index.php?rest_route=\/wp\/v2\/pages\/2912\/revisions"}],"predecessor-version":[{"id":17877,"href":"https:\/\/ericdesneux.fr\/index.php?rest_route=\/wp\/v2\/pages\/2912\/revisions\/17877"}],"wp:attachment":[{"href":"https:\/\/ericdesneux.fr\/index.php?rest_route=%2Fwp%2Fv2%2Fmedia&parent=2912"}],"curies":[{"name":"wp","href":"https:\/\/api.w.org\/{rel}","templated":true}]}}