{"id":2190,"date":"2010-10-14T20:47:19","date_gmt":"2010-10-14T19:47:19","guid":{"rendered":"https:\/\/ericdesneux.fr\/?page_id=2190"},"modified":"2023-12-28T16:28:55","modified_gmt":"2023-12-28T16:28:55","slug":"kawthar","status":"publish","type":"page","link":"https:\/\/ericdesneux.fr\/?page_id=2190","title":{"rendered":"KAWTHAR"},"content":{"rendered":"<p>Exp\u00e9rimental. R\u00e9alisation Eric Desneux (1999)<br \/>\n<img decoding=\"async\" src=\"http:\/\/e.desneux.free.fr\/wp-content\/uploads\/2010\/10\/kwathar4i.jpg\" alt=\"\" \/> <img decoding=\"async\" src=\"http:\/\/e.desneux.free.fr\/wp-content\/uploads\/2009\/03\/kwatha3.jpg\" alt=\"\" \/><br \/>\n<strong><em>&#8220;Je creuse le temps \u00e0 l&#8217;image&#8221;<\/p>\n<p><\/em><\/strong>S\u00e9rie de courtes s\u00e9quences vid\u00e9o muettes retravaill\u00e9es sur ordinateur en surimpressions successives jusqu&#8217;\u00e0 devenir quasiment abstraites. Les \u00a0s\u00e9quences sont r\u00e9p\u00e9t\u00e9es plusieurs fois \u00e0 diff\u00e9rentes vitesses jusqu&#8217;\u00e0 d\u00e9filer image par image \u00e0 un rythme tr\u00e8s lent pour permettre au regard de creuser chaque image jusqu&#8217;\u00e0 se laisser surprendre par la suivante.<br \/>\n<img decoding=\"async\" src=\"http:\/\/e.desneux.free.fr\/wp-content\/uploads\/2010\/10\/kwathar5.jpg\" alt=\"\" \/><\/p>\n<p><strong><a href=\"https:\/\/ericdesneux.fr\/?page_id=2912\">&lt;&lt;&lt; retour \u00e0 FILMOGRAPHIE <\/a><\/strong><\/p>\n","protected":false},"excerpt":{"rendered":"<p>Exp\u00e9rimental. R\u00e9alisation Eric Desneux (1999) &#8220;Je creuse le temps \u00e0 l&#8217;image&#8221; S\u00e9rie de courtes s\u00e9quences vid\u00e9o muettes retravaill\u00e9es sur ordinateur en surimpressions successives<\/p>\n","protected":false},"author":1,"featured_media":0,"parent":2912,"menu_order":0,"comment_status":"closed","ping_status":"closed","template":"","meta":{"footnotes":""},"class_list":["post-2190","page","type-page","status-publish","hentry","two-columns"],"_links":{"self":[{"href":"https:\/\/ericdesneux.fr\/index.php?rest_route=\/wp\/v2\/pages\/2190","targetHints":{"allow":["GET"]}}],"collection":[{"href":"https:\/\/ericdesneux.fr\/index.php?rest_route=\/wp\/v2\/pages"}],"about":[{"href":"https:\/\/ericdesneux.fr\/index.php?rest_route=\/wp\/v2\/types\/page"}],"author":[{"embeddable":true,"href":"https:\/\/ericdesneux.fr\/index.php?rest_route=\/wp\/v2\/users\/1"}],"replies":[{"embeddable":true,"href":"https:\/\/ericdesneux.fr\/index.php?rest_route=%2Fwp%2Fv2%2Fcomments&post=2190"}],"version-history":[{"count":3,"href":"https:\/\/ericdesneux.fr\/index.php?rest_route=\/wp\/v2\/pages\/2190\/revisions"}],"predecessor-version":[{"id":5644,"href":"https:\/\/ericdesneux.fr\/index.php?rest_route=\/wp\/v2\/pages\/2190\/revisions\/5644"}],"up":[{"embeddable":true,"href":"https:\/\/ericdesneux.fr\/index.php?rest_route=\/wp\/v2\/pages\/2912"}],"wp:attachment":[{"href":"https:\/\/ericdesneux.fr\/index.php?rest_route=%2Fwp%2Fv2%2Fmedia&parent=2190"}],"curies":[{"name":"wp","href":"https:\/\/api.w.org\/{rel}","templated":true}]}}