{"id":1406,"date":"2010-10-12T11:27:42","date_gmt":"2010-10-12T10:27:42","guid":{"rendered":"https:\/\/ericdesneux.fr\/?page_id=1406"},"modified":"2023-12-28T16:29:32","modified_gmt":"2023-12-28T16:29:32","slug":"enjambes","status":"publish","type":"page","link":"https:\/\/ericdesneux.fr\/?page_id=1406","title":{"rendered":"ENJAMBES"},"content":{"rendered":"<p>Vid\u00e9o-installation\u00a0(16&#8242;)\u00a0(2001) &#8211;<em> Co-r\u00e9alisation DesneuxDesrez<\/em><br \/>\n<span style=\"color: #888888;\"><em>Cr\u00e9\u00e9e \u00e0 l&#8217;occasion des journ\u00e9es Ateliers Portes Ouvertes des APLA (Paris 20\u00e8me) de mai 2001.<\/em><\/span><img decoding=\"async\" src=\"http:\/\/e.desneux.free.fr\/wp-content\/uploads\/2009\/03\/enjambes2.jpg\" alt=\"\" \/><br \/>\n<img decoding=\"async\" src=\"http:\/\/e.desneux.free.fr\/wp-content\/uploads\/2010\/10\/enjambes4.jpg\" alt=\"\" \/> <img decoding=\"async\" src=\"http:\/\/e.desneux.free.fr\/wp-content\/uploads\/2010\/10\/enjambes1.jpg\" alt=\"\" \/><br \/>\n&#8220;Qu&#8217;est ce qui vous met en mouvement?&#8221;<\/p>\n<p><strong>La vid\u00e9o<\/strong> Enjambes retrace les exp\u00e9riences d&#8217;\u00e2me d&#8217;un homme, parti en ville \u00e0 la recherche de ce qui le mettra en mouvement. La vid\u00e9o est mont\u00e9e comme un clip musical sur les premier et deuxi\u00e8me mouvements de la symphonie N\u00b08 de Chostakovitch et un extrait de &#8220;La M\u00e9thode&#8221; de L\u00e9o Ferr\u00e9. Elle accumule les effets infographiques pour denoncer la surench\u00e8re visuelle qui envahit le regard et faire ressentir la n\u00e9cessit\u00e9 d\u2019un retour au sens des images.<\/p>\n<p><strong>L&#8217;installatio<\/strong>n est con\u00e7ue comme un espace r\u00e9cr\u00e9atif : projet\u00e9e sur une toile tendue, la vid\u00e9o est r\u00e9fl\u00e9chie sur les murs adjacents par un jeu de miroirs. Le public est invit\u00e9 \u00e0 p\u00e9n\u00e9trer le champs de projection et \u00e0 imprimer sa d\u00e9coupe lumineuse dans l&#8217;image.<\/p>\n<p><em><span style=\"color: #696969;\">&gt;&gt;&gt; \u00a0&#8220;Enjambes&#8221; est n\u00e9 d&#8217;une pr\u00e9occupation grandissante de notre \u00e9poque : le droit \u00e0 l&#8217;image. Impossible de sortir la cam\u00e9ra dans des lieux publics, sans susciter demande de r\u00e9mun\u00e9ration ou signe de d\u00e9sapprobation. Il ne nous restait plus qu&#8217;\u00e0 filmer des jambes ! Quoi de plus anonyme qu&#8217;une paire de chaussures sur le bitume ? Pour faire suite \u00e0 notre &#8220;amn\u00e9sie&#8221;, nous nous sommes donc mis en qu\u00eate de ce qui pouvait nous &#8220;mettre en mouvement&#8221;. Nous avons d\u00e9cid\u00e9 de solliciter \u00e0 nouveau des rencontres de passage mais \u00e9galement d&#8217;adjoindre \u00e0 nos entretiens micro-trottoir, une visite au mus\u00e9um d\u2019histoire naturelle et au mus\u00e9e du Louvre, lieux tr\u00e8s courus de la capitale.<br \/>\n<\/span><\/em><br \/>\n<em><span style=\"color: #808080;\">Nous en avons particuli\u00e8rement soign\u00e9 le montage du clip. La premi\u00e8re projection eut lieu \u00e0 l&#8217;occasion de journ\u00e9es \u00ab Ateliers Portes Ouvertes \u00bb. Ce spectacle que nous avions voulu \u00ab r\u00e9cr\u00e9atif \u00bb n\u2019eut pas le succ\u00e8s escompt\u00e9. \u00a0Le film fut jug\u00e9 trop herm\u00e9tique, formaliste et intellectuel. A moins que ce ne soit le sentiment d\u2019urgence et l\u2019angoisse sourde qui l\u2019habitent qui l\u2019aient tenu en m\u00e9sestime. Sa pr\u00e9sence sur Internet l\u2019aidera peut \u00eatre \u00e0 trouver son public.&#8221;<\/span><\/em><\/p>\n<p><a href=\"https:\/\/ericdesneux.fr\/?page_id=2912\"><strong>&lt;&lt;&lt; retour \u00e0 FILMOGRAPHIE <\/strong><\/a><\/p>\n","protected":false},"excerpt":{"rendered":"<p>Vid\u00e9o-installation\u00a0(16&#8242;)\u00a0(2001) &#8211; Co-r\u00e9alisation DesneuxDesrez Cr\u00e9\u00e9e \u00e0 l&#8217;occasion des journ\u00e9es Ateliers Portes Ouvertes des APLA (Paris 20\u00e8me) de mai 2001. &#8220;Qu&#8217;est ce qui vous<\/p>\n","protected":false},"author":1,"featured_media":0,"parent":2912,"menu_order":0,"comment_status":"closed","ping_status":"closed","template":"","meta":{"footnotes":""},"class_list":["post-1406","page","type-page","status-publish","hentry","two-columns"],"_links":{"self":[{"href":"https:\/\/ericdesneux.fr\/index.php?rest_route=\/wp\/v2\/pages\/1406","targetHints":{"allow":["GET"]}}],"collection":[{"href":"https:\/\/ericdesneux.fr\/index.php?rest_route=\/wp\/v2\/pages"}],"about":[{"href":"https:\/\/ericdesneux.fr\/index.php?rest_route=\/wp\/v2\/types\/page"}],"author":[{"embeddable":true,"href":"https:\/\/ericdesneux.fr\/index.php?rest_route=\/wp\/v2\/users\/1"}],"replies":[{"embeddable":true,"href":"https:\/\/ericdesneux.fr\/index.php?rest_route=%2Fwp%2Fv2%2Fcomments&post=1406"}],"version-history":[{"count":3,"href":"https:\/\/ericdesneux.fr\/index.php?rest_route=\/wp\/v2\/pages\/1406\/revisions"}],"predecessor-version":[{"id":5646,"href":"https:\/\/ericdesneux.fr\/index.php?rest_route=\/wp\/v2\/pages\/1406\/revisions\/5646"}],"up":[{"embeddable":true,"href":"https:\/\/ericdesneux.fr\/index.php?rest_route=\/wp\/v2\/pages\/2912"}],"wp:attachment":[{"href":"https:\/\/ericdesneux.fr\/index.php?rest_route=%2Fwp%2Fv2%2Fmedia&parent=1406"}],"curies":[{"name":"wp","href":"https:\/\/api.w.org\/{rel}","templated":true}]}}