{"id":1399,"date":"2010-10-12T11:26:47","date_gmt":"2010-10-12T10:26:47","guid":{"rendered":"https:\/\/ericdesneux.fr\/?page_id=1399"},"modified":"2023-12-28T16:27:14","modified_gmt":"2023-12-28T16:27:14","slug":"de-memoire","status":"publish","type":"page","link":"https:\/\/ericdesneux.fr\/?page_id=1399","title":{"rendered":"DE MEMOIRE"},"content":{"rendered":"<p>Vid\u00e9o-installation\u00a0(40&#8242;)\u00a0(2003) &#8211;<em> Co-r\u00e9alisation DesneuxDesrez<\/em><br \/>\n<em><span style=\"color: #888888;\">Intervention dans la chapelle de Langroas (Finist\u00e8re sud, France)\u00a0sur le th\u00e8me \u00ab Ecritures \u00bb,\u00a0dans le cadre du festival d&#8217;art contemporain \u00ab\u00a0Art \u00e0 la Pointe\u00a0\u00bb.<\/span><\/em><br \/>\n<img decoding=\"async\" src=\"http:\/\/e.desneux.free.fr\/wp-content\/uploads\/2010\/10\/dememoire9.jpg\" alt=\"\" \/> <img decoding=\"async\" src=\"http:\/\/e.desneux.free.fr\/wp-content\/uploads\/2010\/10\/dememoirefilm4.jpg\" alt=\"\" \/><img decoding=\"async\" src=\"http:\/\/e.desneux.free.fr\/wp-content\/uploads\/2010\/10\/dememoirefilm5.jpg\" alt=\"\" \/><br \/>\n<em><span style=\"font-style: normal;\">&#8220;Pouvez vous nous r\u00e9citer <\/span><\/em><em><span style=\"font-style: normal;\">de m\u00e9moire<\/span><\/em><em><span style=\"font-style: normal;\"> un passage des Ecritures ? &#8220;<\/span><\/em><br \/>\n<em><span style=\"font-style: normal;\"><strong>La vid\u00e9o<\/strong> restitue les \u00e9changes de parole d&#8217;un homme parti \u00e0 la recherche de \u00ab\u00a0l&#8217;arbre de la connaissance du bonheur et du malheur\u00a0\u00bb dans des jardins publics \u00e0 Paris. En creux, ce film sonde ce qui reste des \u00ab\u00a0\u00e9critures saintes\u00a0\u00bb dans les m\u00e9moires et met en \u00e9vidence la perte du sentiment religieux. <\/span><\/em>En filigrane, il propose une nouvelle lecture du spirituel, affranchi des dogmes et des divisions religieuses.<br \/>\n<em><span style=\"font-style: normal;\"><strong>L&#8217;installation <\/strong>: cr\u00e9ation d&#8217;un parcours entre l&#8217;\u00e9glise et l&#8217;aitre, visant \u00e0 relier le dedans au dehors, l&#8217;\u00e9crit \u00e0 la parole. Toutes les portes et fenetres de l&#8217;\u00e9glise sont ouvertes. A l&#8217;int\u00e9rieur de la chapelle, une frise photographique compos\u00e9e de clich\u00e9s pris \u00e0 la d\u00e9rob\u00e9e dans le m\u00e9tro parisien (passagers perdus dans leurs pens\u00e9es), court le long du mur gauche depuis l&#8217;entr\u00e9e jusqu&#8217;au fond o\u00f9 se trouve la sacristie. A mi-parcours, juste avant le transept, un voile tendu sur toute la largeur de la nef invite le spectateur \u00e0 faire un passage symbolique et \u00e0 s&#8217;interroger sur la place du sacr\u00e9 dans son existence. Parvenu au fond de l&#8217;\u00e9glise, il est invit\u00e9 \u00e0 entrer dans la sacristie o\u00f9 est diffus\u00e9e la vid\u00e9o. Le son est \u00e9galement retransmis par des enceintes \u00e0 l&#8217;ext\u00e9rieur, o\u00f9 un espace d&#8217;\u00e9coute a \u00e9t\u00e9 am\u00e9nag\u00e9 sous un arbre.<\/span><\/em><\/p>\n<p style=\"text-align: left;\"><em><span style=\"color: #808080;\"><strong>&gt;&gt;<\/strong> &#8220;le th\u00e8me \u00abEcritures \u00bb et le lieu (la chapelle de Langroas dans le finist\u00e8re) nous ont \u00e9t\u00e9 impos\u00e9s par le festival. Lors de nos rep\u00e9rages, nous avons \u00e9t\u00e9 frapp\u00e9 par la tristesse et la solitude des lieux ferm\u00e9s 10 mois par an. Nous avons donc con\u00e7u un projet qui visait \u00e0 ouvrir les lieux de toute part et \u00e0 faire m\u00e9diter sur ce qui avait fait d\u00e9serter les \u00e9glises et la foi en occident. Les personnes interview\u00e9es se sont toutes av\u00e9r\u00e9es \u00eatre &#8220;sorties de la religion&#8221; et c&#8217;est leur rapport distant avec la religion que le film met en \u00e9vidence .\u00a0Une visite sur les lieux d&#8217;exposition me confirma l\u2019int\u00e9r\u00eat des visiteurs pour l\u2019installation et les propos tenus dans la vid\u00e9o. Le film pouvant difficilement se visionner hors contexte, je pr\u00e9pare actuellement une version remani\u00e9e du montage pour une \u00e9dition DVD.<\/span><\/em><\/p>\n<p style=\"text-align: left;\"><em><span style=\"color: #808080;\"><span style=\"color: #808080;\">C&#8217;est la derni\u00e8re des \u0153uvres que j&#8217;ai r\u00e9alis\u00e9 avec C\u00e9dric Desrez. Apr\u00e8s 4 \u00e0 5 ann\u00e9es d&#8217;intense collaboration (nous signions nos \u0153uvres\u00a0DesneuxDesrez), nous avons tous les deux ressenti la n\u00e9cessit\u00e9 de \u00a0faire route seul. C\u00e9dric\u00a0a poursuivi <\/span><a style=\"color: #808080;\" href=\"http:\/\/cedricdesrez.free.fr\" target=\"_blank\" rel=\"noopener\">son travail photographique<\/a><span style=\"color: #808080;\"> et j&#8217;ai \u00e9volu\u00e9 vers le documentaire &#8220;<\/span><\/span><\/em><\/p>\n<p><a href=\"https:\/\/ericdesneux.fr\/?page_id=2912\"><strong>&lt;&lt;&lt; retour \u00e0 FILMOGRAPHIE <\/strong><\/a><\/p>\n","protected":false},"excerpt":{"rendered":"<p>Vid\u00e9o-installation\u00a0(40&#8242;)\u00a0(2003) &#8211; Co-r\u00e9alisation DesneuxDesrez Intervention dans la chapelle de Langroas (Finist\u00e8re sud, France)\u00a0sur le th\u00e8me \u00ab Ecritures \u00bb,\u00a0dans le cadre du festival d&#8217;art<\/p>\n","protected":false},"author":1,"featured_media":0,"parent":2912,"menu_order":0,"comment_status":"closed","ping_status":"closed","template":"","meta":{"footnotes":""},"class_list":["post-1399","page","type-page","status-publish","hentry","two-columns"],"_links":{"self":[{"href":"https:\/\/ericdesneux.fr\/index.php?rest_route=\/wp\/v2\/pages\/1399","targetHints":{"allow":["GET"]}}],"collection":[{"href":"https:\/\/ericdesneux.fr\/index.php?rest_route=\/wp\/v2\/pages"}],"about":[{"href":"https:\/\/ericdesneux.fr\/index.php?rest_route=\/wp\/v2\/types\/page"}],"author":[{"embeddable":true,"href":"https:\/\/ericdesneux.fr\/index.php?rest_route=\/wp\/v2\/users\/1"}],"replies":[{"embeddable":true,"href":"https:\/\/ericdesneux.fr\/index.php?rest_route=%2Fwp%2Fv2%2Fcomments&post=1399"}],"version-history":[{"count":3,"href":"https:\/\/ericdesneux.fr\/index.php?rest_route=\/wp\/v2\/pages\/1399\/revisions"}],"predecessor-version":[{"id":5637,"href":"https:\/\/ericdesneux.fr\/index.php?rest_route=\/wp\/v2\/pages\/1399\/revisions\/5637"}],"up":[{"embeddable":true,"href":"https:\/\/ericdesneux.fr\/index.php?rest_route=\/wp\/v2\/pages\/2912"}],"wp:attachment":[{"href":"https:\/\/ericdesneux.fr\/index.php?rest_route=%2Fwp%2Fv2%2Fmedia&parent=1399"}],"curies":[{"name":"wp","href":"https:\/\/api.w.org\/{rel}","templated":true}]}}