{"id":1369,"date":"2009-11-04T11:10:27","date_gmt":"2009-11-04T10:10:27","guid":{"rendered":"https:\/\/ericdesneux.fr\/?page_id=1369"},"modified":"2024-01-23T11:22:21","modified_gmt":"2024-01-23T11:22:21","slug":"contact","status":"publish","type":"page","link":"https:\/\/ericdesneux.fr\/?page_id=1369","title":{"rendered":"@"},"content":{"rendered":"<p>Je ne compte plus les enveloppes rest\u00e9es au fond de mon sac ou parties en retard. Est-ce par distraction ? Par paresse ? Par habitude de remettre les &#8220;choses \u00e0 faire&#8221; au lendemain ? Foutue habitude !<\/p>\n<p>Heureusement avec l&#8217;Internet, un clic suffit pour envoyer une lettre. H\u00e9las, depuis je me suis d\u00e9couvert une autre tare : je suis d&#8217;une lenteur effroyable \u00e0 la &#8220;clavinette&#8221;.\u00a0 J&#8217;\u00e9bauche, je p\u00e9tris, j&#8217;\u00e9lague, je r\u00e9\u00e9cris&#8230; La fulgurance est rare, mais patience, je r\u00e9ponds parfois.<\/p>\n<p>Mes coordonn\u00e9es :<br \/>\nEmail : <strong>ericdesneux@gmail.com<\/strong><\/p>\n","protected":false},"excerpt":{"rendered":"<p>Je ne compte plus les enveloppes rest\u00e9es au fond de mon sac ou parties en retard. Est-ce par distraction ? Par paresse ?<\/p>\n","protected":false},"author":1,"featured_media":0,"parent":0,"menu_order":8,"comment_status":"closed","ping_status":"closed","template":"","meta":{"footnotes":""},"class_list":["post-1369","page","type-page","status-publish","hentry","two-columns"],"_links":{"self":[{"href":"https:\/\/ericdesneux.fr\/index.php?rest_route=\/wp\/v2\/pages\/1369","targetHints":{"allow":["GET"]}}],"collection":[{"href":"https:\/\/ericdesneux.fr\/index.php?rest_route=\/wp\/v2\/pages"}],"about":[{"href":"https:\/\/ericdesneux.fr\/index.php?rest_route=\/wp\/v2\/types\/page"}],"author":[{"embeddable":true,"href":"https:\/\/ericdesneux.fr\/index.php?rest_route=\/wp\/v2\/users\/1"}],"replies":[{"embeddable":true,"href":"https:\/\/ericdesneux.fr\/index.php?rest_route=%2Fwp%2Fv2%2Fcomments&post=1369"}],"version-history":[{"count":12,"href":"https:\/\/ericdesneux.fr\/index.php?rest_route=\/wp\/v2\/pages\/1369\/revisions"}],"predecessor-version":[{"id":9290,"href":"https:\/\/ericdesneux.fr\/index.php?rest_route=\/wp\/v2\/pages\/1369\/revisions\/9290"}],"wp:attachment":[{"href":"https:\/\/ericdesneux.fr\/index.php?rest_route=%2Fwp%2Fv2%2Fmedia&parent=1369"}],"curies":[{"name":"wp","href":"https:\/\/api.w.org\/{rel}","templated":true}]}}